{"id":12,"date":"2014-10-01T08:28:34","date_gmt":"2014-10-01T08:28:34","guid":{"rendered":"http:\/\/dobosmeh.hu\/?page_id=12"},"modified":"2014-10-09T08:59:16","modified_gmt":"2014-10-09T08:59:16","slug":"szolgaltatasok","status":"publish","type":"page","link":"https:\/\/dobosmeh.hu\/?page_id=12","title":{"rendered":"Szolg\u00e1ltat\u00e1sok"},"content":{"rendered":"<ul>\n<li>Ac\u00e9lhullad\u00e9kok, sz\u00ednesf\u00e9m-hullad\u00e9kok felv\u00e1s\u00e1rl\u00e1sa, feldolgoz\u00e1sa \u00e9s \u00e9rt\u00e9kes\u00edt\u00e9se,<\/li>\n<li>Vesz\u00e9lyes hullad\u00e9kok gy\u0171jt\u00e9se,<\/li>\n<li>Ac\u00e9lszerkezetek, tart\u00e1lyok, g\u00e9pek, ipari l\u00e9tes\u00edtm\u00e9nyek bont\u00e1sa,<\/li>\n<li>Kont\u00e9nerek (1-36 m3) d\u00edjmentes kihelyez\u00e9se ac\u00e9l-, sz\u00ednesf\u00e9m- \u00e9s \u00e9p\u00edt\u00e9si-bont\u00e1si hullad\u00e9kok gy\u0171jt\u00e9s\u00e9re,<\/li>\n<li>V\u00e1llalatok komplex hullad\u00e9kkezel\u00e9s\u00e9nek megold\u00e1sa,<\/li>\n<li>K\u00f6rnyezetbar\u00e1t g\u00e9pkocsi megsemmis\u00edt\u00e9s,<\/li>\n<li>Elektronikai hullad\u00e9kok kezel\u00e9se.<\/li>\n<\/ul>\n","protected":false},"excerpt":{"rendered":"<p>Ac\u00e9lhullad\u00e9kok, sz\u00ednesf\u00e9m-hullad\u00e9kok felv\u00e1s\u00e1rl\u00e1sa, feldolgoz\u00e1sa \u00e9s \u00e9rt\u00e9kes\u00edt\u00e9se, Vesz\u00e9lyes hullad\u00e9kok gy\u0171jt\u00e9se, Ac\u00e9lszerkezetek, tart\u00e1lyok, g\u00e9pek, ipari l\u00e9tes\u00edtm\u00e9nyek bont\u00e1sa, Kont\u00e9nerek (1-36 m3) d\u00edjmentes kihelyez\u00e9se ac\u00e9l-, sz\u00ednesf\u00e9m- \u00e9s \u00e9p\u00edt\u00e9si-bont\u00e1si hullad\u00e9kok gy\u0171jt\u00e9s\u00e9re, V\u00e1llalatok komplex hullad\u00e9kkezel\u00e9s\u00e9nek megold\u00e1sa, K\u00f6rnyezetbar\u00e1t g\u00e9pkocsi megsemmis\u00edt\u00e9s, Elektronikai hullad\u00e9kok kezel\u00e9se.<\/p>\n","protected":false},"author":1,"featured_media":0,"parent":0,"menu_order":0,"comment_status":"closed","ping_status":"open","template":"fullwidth-page.php","meta":[],"_links":{"self":[{"href":"https:\/\/dobosmeh.hu\/index.php?rest_route=\/wp\/v2\/pages\/12"}],"collection":[{"href":"https:\/\/dobosmeh.hu\/index.php?rest_route=\/wp\/v2\/pages"}],"about":[{"href":"https:\/\/dobosmeh.hu\/index.php?rest_route=\/wp\/v2\/types\/page"}],"author":[{"embeddable":true,"href":"https:\/\/dobosmeh.hu\/index.php?rest_route=\/wp\/v2\/users\/1"}],"replies":[{"embeddable":true,"href":"https:\/\/dobosmeh.hu\/index.php?rest_route=%2Fwp%2Fv2%2Fcomments&post=12"}],"version-history":[{"count":2,"href":"https:\/\/dobosmeh.hu\/index.php?rest_route=\/wp\/v2\/pages\/12\/revisions"}],"predecessor-version":[{"id":204,"href":"https:\/\/dobosmeh.hu\/index.php?rest_route=\/wp\/v2\/pages\/12\/revisions\/204"}],"wp:attachment":[{"href":"https:\/\/dobosmeh.hu\/index.php?rest_route=%2Fwp%2Fv2%2Fmedia&parent=12"}],"curies":[{"name":"wp","href":"https:\/\/api.w.org\/{rel}","templated":true}]}}