{"id":14,"date":"2014-10-01T08:29:15","date_gmt":"2014-10-01T08:29:15","guid":{"rendered":"http:\/\/dobosmeh.hu\/?page_id=14"},"modified":"2024-12-05T15:36:15","modified_gmt":"2024-12-05T15:36:15","slug":"engedelyek","status":"publish","type":"page","link":"https:\/\/dobosmeh.hu\/?page_id=14","title":{"rendered":"Enged\u00e9lyek"},"content":{"rendered":"<p><a href=\"http:\/\/dobosmeh.hu\/wp-content\/uploads\/2024\/12\/veszelyes-hulladek-orszagos-gyujtes-kereskedelem-szallitas-pest.pdf\">Vesz\u00e9lyes hullad\u00e9k orsz\u00e1gos gy\u0171jt\u00e9s, kereskedelem, sz\u00e1ll\u00edt\u00e1s &#8211; Pest \u21d3<\/a><\/p>\n<p><a href=\"http:\/\/dobosmeh.hu\/wp-content\/uploads\/2024\/12\/veszelyes-hulladek-gyujtes-elektronikai-hulladek-gyujtes-kezeles-szabolcs.pdf\">Vesz\u00e9lyes hullad\u00e9k gy\u0171jt\u00e9s, elektronikai hullad\u00e9k gy\u0171jt\u00e9s-kezel\u00e9s &#8211; Szabolcs \u21d3<\/a><\/p>\n<p><a href=\"http:\/\/dobosmeh.hu\/wp-content\/uploads\/2024\/12\/hatosagi-bizonyitvany-egyeni-vallalkozasrol.pdf\">\u00d6nkorm\u00e1nyzati igazol\u00e1s \u21d3<\/a><\/p>\n<p><a href=\"http:\/\/dobosmeh.hu\/wp-content\/uploads\/2014\/10\/nkh-regisztr\u00e1lt-bont\u00f3-nyba-v\u00e9tel1.pdf\">NKH &#8211; regisztr\u00e1lt bont\u00f3 nyilv\u00e1ntart\u00e1sba v\u00e9tel \u21d3<\/a><\/p>\n<p><a href=\"http:\/\/dobosmeh.hu\/wp-content\/uploads\/2024\/12\/nem-veszelyes-hulladek-orszagos-gyujtes-kereskedelem-szallitas-pest.pdf\">Nem vesz\u00e9lyes hullad\u00e9k orsz\u00e1gos gy\u0171jt\u00e9s, kereskedelem, sz\u00e1ll\u00edt\u00e1s &#8211; Pest \u21d3<\/a><\/p>\n<p><a href=\"http:\/\/dobosmeh.hu\/wp-content\/uploads\/2024\/12\/autobonto-szabolcs.pdf\">Aut\u00f3bont\u00f3 &#8211; Szabolcs \u21d3<\/a><\/p>\n<p><a href=\"http:\/\/dobosmeh.hu\/wp-content\/uploads\/2024\/12\/epitesi-hulladek-hasznositas-szabolcs.pdf\">\u00c9p\u00edt\u00e9si hullad\u00e9k &#8211; hasznos\u00edt\u00e1s &#8211; Szabolcs \u21d3<\/a><\/p>\n<p><a href=\"http:\/\/dobosmeh.hu\/wp-content\/uploads\/2024\/12\/nem-veszelyes-hulladek-gyujtes-kezeles-muanyag-es-fa-hulladek-hasznositas-szabolcs.pdf\">Nem vesz\u00e9lyes hullad\u00e9k gy\u0171jt\u00e9s, kezel\u00e9s, m\u0171anyag hullad\u00e9k hasznos\u00edt\u00e1s &#8211; Szabolcs \u21d3<\/a><\/p>\n<p><a href=\"http:\/\/dobosmeh.hu\/wp-content\/uploads\/2024\/12\/femkereskedelmi-engedely.pdf\">F\u00e9mkereskedelmi enged\u00e9ly \u21d3<\/a><\/p>\n<p><a href=\"http:\/\/dobosmeh.hu\/wp-content\/uploads\/2024\/12\/femkereskedelmi-engedely-MOHU.pdf\">Koncesszori f\u00e9mkereskedelmi enged\u00e9ly \u21d3<\/a><\/p>\n<p>Megtekint\u00e9shez<em> Adobe Reader<\/em> sz\u00fcks\u00e9ges, melyet let\u00f6lthet <a title=\"http:\/\/get.adobe.com\/hu\/reader\/\" href=\"http:\/\/get.adobe.com\/hu\/reader\/\">innen<\/a><\/p>\n","protected":false},"excerpt":{"rendered":"<p>Vesz\u00e9lyes hullad\u00e9k orsz\u00e1gos gy\u0171jt\u00e9s, kereskedelem, sz\u00e1ll\u00edt\u00e1s &#8211; Pest \u21d3 Vesz\u00e9lyes hullad\u00e9k gy\u0171jt\u00e9s, elektronikai hullad\u00e9k gy\u0171jt\u00e9s-kezel\u00e9s &#8211; Szabolcs \u21d3 \u00d6nkorm\u00e1nyzati igazol\u00e1s \u21d3 NKH &#8211; regisztr\u00e1lt bont\u00f3 nyilv\u00e1ntart\u00e1sba v\u00e9tel \u21d3 Nem vesz\u00e9lyes hullad\u00e9k orsz\u00e1gos gy\u0171jt\u00e9s, kereskedelem, sz\u00e1ll\u00edt\u00e1s &#8211; Pest \u21d3 Aut\u00f3bont\u00f3 &#8211; Szabolcs \u21d3 \u00c9p\u00edt\u00e9si hullad\u00e9k &#8211; hasznos\u00edt\u00e1s &#8211; Szabolcs \u21d3 Nem vesz\u00e9lyes hullad\u00e9k gy\u0171jt\u00e9s, kezel\u00e9s, m\u0171anyag &#8230; <a class=\"more-link\" href=\"https:\/\/dobosmeh.hu\/?page_id=14\">[Read more&#8230;]<\/a><\/p>\n","protected":false},"author":1,"featured_media":0,"parent":0,"menu_order":0,"comment_status":"closed","ping_status":"open","template":"","meta":[],"_links":{"self":[{"href":"https:\/\/dobosmeh.hu\/index.php?rest_route=\/wp\/v2\/pages\/14"}],"collection":[{"href":"https:\/\/dobosmeh.hu\/index.php?rest_route=\/wp\/v2\/pages"}],"about":[{"href":"https:\/\/dobosmeh.hu\/index.php?rest_route=\/wp\/v2\/types\/page"}],"author":[{"embeddable":true,"href":"https:\/\/dobosmeh.hu\/index.php?rest_route=\/wp\/v2\/users\/1"}],"replies":[{"embeddable":true,"href":"https:\/\/dobosmeh.hu\/index.php?rest_route=%2Fwp%2Fv2%2Fcomments&post=14"}],"version-history":[{"count":21,"href":"https:\/\/dobosmeh.hu\/index.php?rest_route=\/wp\/v2\/pages\/14\/revisions"}],"predecessor-version":[{"id":273,"href":"https:\/\/dobosmeh.hu\/index.php?rest_route=\/wp\/v2\/pages\/14\/revisions\/273"}],"wp:attachment":[{"href":"https:\/\/dobosmeh.hu\/index.php?rest_route=%2Fwp%2Fv2%2Fmedia&parent=14"}],"curies":[{"name":"wp","href":"https:\/\/api.w.org\/{rel}","templated":true}]}}