{"id":16,"date":"2014-10-01T08:29:45","date_gmt":"2014-10-01T08:29:45","guid":{"rendered":"http:\/\/dobosmeh.hu\/?page_id=16"},"modified":"2024-08-27T14:32:09","modified_gmt":"2024-08-27T14:32:09","slug":"kapcsolat","status":"publish","type":"page","link":"https:\/\/dobosmeh.hu\/?page_id=16","title":{"rendered":"Kapcsolat"},"content":{"rendered":"<h3><strong>Telephely\u00fcnk:<\/strong><\/h3>\n<p>4700 M\u00e1t\u00e9szalka, Ipari \u00fat 8.<br \/>\nTel.: <span style=\"color: #ff0000;\">+36 44 314 960<\/span><br \/>\ne-mail: dobosmeh01@gmail.com<\/p>\n<h3><strong>Munkat\u00e1rsaink:<\/strong><\/h3>\n<p>Dobos L\u00e1szl\u00f3 \u2013 tulajdonos<br \/>\nT\u00f6r\u00f6k Emese \u2013 gazdas\u00e1gi vezet\u0151<br \/>\nNagy Guszt\u00e1v \u2013 telepvezet\u0151<br \/>\nN\u00e9ma Levente \u2013 rakt\u00e1ros<br \/>\nBalogh-Nagy Anita \u2013 p\u00e9nz\u00fcgyi \u00fcgyint\u00e9z\u0151<br \/>\nR\u00e1cz Katalin &#8211; p\u00e9nz\u00fcgyi \u00fcgyint\u00e9z\u0151<br \/>\nJ\u00f3nin\u00e9 T\u00f6m\u00f6sv\u00e1ry Be\u00e1ta\u00a0&#8211; p\u00e9nzt\u00e1ros<\/p>\n<p style=\"text-align: center;\">\r\n            <style>\r\n            #wpgmza_map img { max-width:none !important; }\r\n            <\/style>\r\n            \r\n                \r\n            <div id=\"wpgmza_map\" style=\"display:block; overflow:auto; width:500px; height:300px; float:left;\">\r\n            <\/div>\r\n        <\/p>\n","protected":false},"excerpt":{"rendered":"<p>Telephely\u00fcnk: 4700 M\u00e1t\u00e9szalka, Ipari \u00fat 8. Tel.: +36 44 314 960 e-mail: dobosmeh01@gmail.com Munkat\u00e1rsaink: Dobos L\u00e1szl\u00f3 \u2013 tulajdonos T\u00f6r\u00f6k Emese \u2013 gazdas\u00e1gi vezet\u0151 Nagy Guszt\u00e1v \u2013 telepvezet\u0151 N\u00e9ma Levente \u2013 rakt\u00e1ros Balogh-Nagy Anita \u2013 p\u00e9nz\u00fcgyi \u00fcgyint\u00e9z\u0151 R\u00e1cz Katalin &#8211; p\u00e9nz\u00fcgyi \u00fcgyint\u00e9z\u0151 J\u00f3nin\u00e9 T\u00f6m\u00f6sv\u00e1ry Be\u00e1ta\u00a0&#8211; p\u00e9nzt\u00e1ros<\/p>\n","protected":false},"author":1,"featured_media":0,"parent":0,"menu_order":0,"comment_status":"closed","ping_status":"open","template":"","meta":[],"_links":{"self":[{"href":"https:\/\/dobosmeh.hu\/index.php?rest_route=\/wp\/v2\/pages\/16"}],"collection":[{"href":"https:\/\/dobosmeh.hu\/index.php?rest_route=\/wp\/v2\/pages"}],"about":[{"href":"https:\/\/dobosmeh.hu\/index.php?rest_route=\/wp\/v2\/types\/page"}],"author":[{"embeddable":true,"href":"https:\/\/dobosmeh.hu\/index.php?rest_route=\/wp\/v2\/users\/1"}],"replies":[{"embeddable":true,"href":"https:\/\/dobosmeh.hu\/index.php?rest_route=%2Fwp%2Fv2%2Fcomments&post=16"}],"version-history":[{"count":13,"href":"https:\/\/dobosmeh.hu\/index.php?rest_route=\/wp\/v2\/pages\/16\/revisions"}],"predecessor-version":[{"id":252,"href":"https:\/\/dobosmeh.hu\/index.php?rest_route=\/wp\/v2\/pages\/16\/revisions\/252"}],"wp:attachment":[{"href":"https:\/\/dobosmeh.hu\/index.php?rest_route=%2Fwp%2Fv2%2Fmedia&parent=16"}],"curies":[{"name":"wp","href":"https:\/\/api.w.org\/{rel}","templated":true}]}}