{"id":180,"date":"2015-02-26T11:12:41","date_gmt":"2015-02-26T11:12:41","guid":{"rendered":"http:\/\/dobosmeh.hu\/?page_id=180"},"modified":"2015-02-26T11:25:03","modified_gmt":"2015-02-26T11:25:03","slug":"gop-2-1-1-11b-2012-0219","status":"publish","type":"page","link":"https:\/\/dobosmeh.hu\/?page_id=180","title":{"rendered":"GOP-2.1.1-11\/B-2012-0219"},"content":{"rendered":"<p style=\"text-align: right;\"><a href=\"http:\/\/dobosmeh.hu\/wp-content\/uploads\/2015\/02\/sz\u00e9chenyi20201.jpg\"><img decoding=\"async\" loading=\"lazy\" class=\"alignnone size-full wp-image-188\" src=\"http:\/\/dobosmeh.hu\/wp-content\/uploads\/2015\/02\/sz\u00e9chenyi20201.jpg\" alt=\"sz\u00e9chenyi2020\" width=\"311\" height=\"235\" srcset=\"https:\/\/dobosmeh.hu\/wp-content\/uploads\/2015\/02\/sz\u00e9chenyi20201.jpg 311w, https:\/\/dobosmeh.hu\/wp-content\/uploads\/2015\/02\/sz\u00e9chenyi20201-300x226.jpg 300w\" sizes=\"(max-width: 311px) 100vw, 311px\" \/><\/a><\/p>\n<p style=\"text-align: center;\"><strong>A SZ\u00c9CHENYI 2020 PROGRAM KERET\u00c9BEN ELNYERT T\u00c1MOGAT\u00c1SSAL VA\u00d3SULT MEG<\/strong><br \/>\n<strong>DOBOS L\u00c1SZL\u00d3 EGY\u00c9NI V\u00c1LLAKOZ\u00d3 TELEPHELYFEJLESZT\u00c9SE<\/strong><\/p>\n<p style=\"text-align: justify;\">A v\u00e1llalkoz\u00e1s a Sz\u00e9chenyi 2020 program keret\u00e9ben a GOP-2.1.1-11\/B-2012-0219. sz\u00e1m\u00fa \u201eManipul\u00e1ci\u00f3s tev\u00e9kenys\u00e9g fejleszt\u00e9se a Dobos M\u00e9h telepen\u201d elnevez\u00e9s\u0171 projekt keret\u00e9ben 35,00 % t\u00e1mogat\u00e1s intenzit\u00e1ssal 22.208.254,- Ft vissza nem t\u00e9r\u00edtend\u0151 t\u00e1mogat\u00e1st nyert.<br \/>\nA t\u00e1mogat\u00e1s \u00f6sszege a 4700 M\u00e1t\u00e9szalka, Ipari \u00fat 8. sz\u00e1m alatti telephely fejleszt\u00e9s\u00e9re ker\u00fcl felhaszn\u00e1l\u00e1sra eszk\u00f6zbeszerz\u00e9sre, valamint infrastruktur\u00e1lis \u00e9s ingatlan beruh\u00e1z\u00e1sra.<br \/>\nA v\u00e1llalkoz\u00e1s jelenlegi \u2013 a k\u00f6rnyezetv\u00e9delmi el\u0151\u00edr\u00e1soknak \u00e9s a vonatkoz\u00f3 jogszab\u00e1lyoknak megfelel\u0151, korszer\u0171 \u2013 telephely\u00e9n, M\u00e1t\u00e9szalka ipari \u00f6vezet\u00e9ben 2001. \u00f3ta foglalkozik \u00fajrahasznos\u00edthat\u00f3 hullad\u00e9kok gy\u0171jt\u00e9s\u00e9vel, feldolgoz\u00e1s\u00e1val, hasznos\u00edt\u00e1s\u00e1val.<br \/>\nA beruh\u00e1z\u00e1s megval\u00f3sul\u00e1s\u00e1val a tov\u00e1bbi fejl\u0151d\u00e9s lehet\u0151s\u00e9ge ny\u00edlik meg a Dobos M\u00c9H telep sz\u00e1m\u00e1ra.<br \/>\nA projekt keret\u00e9ben a feldolgoz\u00f3 kapacit\u00e1s n\u00f6vel\u00e9s\u00e9hez \u00e9s \u00fczembiztons\u00e1g\u00e1nak jav\u00edt\u00e1s\u00e1hoz elengedhetetlen eszk\u00f6z\u00f6k beszerz\u00e9se, valamint \u00fczemi \u00fat \u00e9s parkol\u00f3 ki\u00e9p\u00edt\u00e9se val\u00f3sult meg.<\/p>\n<p style=\"text-align: justify;\">A beruh\u00e1z\u00e1snak k\u00f6sz\u00f6nhet\u0151en a v\u00e1llalat 17 munkahelyet tud meg\u0151rizni, \u00e9s tov\u00e1bbi 7 \u00faj munkahelyet teremt.<\/p>\n<p style=\"text-align: justify;\">A projekt a Sz\u00e9chenyi 2020 program keret\u00e9ben val\u00f3sul meg.<\/p>\n","protected":false},"excerpt":{"rendered":"<p>A SZ\u00c9CHENYI 2020 PROGRAM KERET\u00c9BEN ELNYERT T\u00c1MOGAT\u00c1SSAL VA\u00d3SULT MEG DOBOS L\u00c1SZL\u00d3 EGY\u00c9NI V\u00c1LLAKOZ\u00d3 TELEPHELYFEJLESZT\u00c9SE A v\u00e1llalkoz\u00e1s a Sz\u00e9chenyi 2020 program keret\u00e9ben a GOP-2.1.1-11\/B-2012-0219. sz\u00e1m\u00fa \u201eManipul\u00e1ci\u00f3s tev\u00e9kenys\u00e9g fejleszt\u00e9se a Dobos M\u00e9h telepen\u201d elnevez\u00e9s\u0171 projekt keret\u00e9ben 35,00 % t\u00e1mogat\u00e1s intenzit\u00e1ssal 22.208.254,- Ft vissza nem t\u00e9r\u00edtend\u0151 t\u00e1mogat\u00e1st nyert. A t\u00e1mogat\u00e1s \u00f6sszege a 4700 M\u00e1t\u00e9szalka, Ipari \u00fat 8. sz\u00e1m &#8230; <a class=\"more-link\" href=\"https:\/\/dobosmeh.hu\/?page_id=180\">[Read more&#8230;]<\/a><\/p>\n","protected":false},"author":1,"featured_media":0,"parent":0,"menu_order":0,"comment_status":"closed","ping_status":"open","template":"","meta":[],"_links":{"self":[{"href":"https:\/\/dobosmeh.hu\/index.php?rest_route=\/wp\/v2\/pages\/180"}],"collection":[{"href":"https:\/\/dobosmeh.hu\/index.php?rest_route=\/wp\/v2\/pages"}],"about":[{"href":"https:\/\/dobosmeh.hu\/index.php?rest_route=\/wp\/v2\/types\/page"}],"author":[{"embeddable":true,"href":"https:\/\/dobosmeh.hu\/index.php?rest_route=\/wp\/v2\/users\/1"}],"replies":[{"embeddable":true,"href":"https:\/\/dobosmeh.hu\/index.php?rest_route=%2Fwp%2Fv2%2Fcomments&post=180"}],"version-history":[{"count":6,"href":"https:\/\/dobosmeh.hu\/index.php?rest_route=\/wp\/v2\/pages\/180\/revisions"}],"predecessor-version":[{"id":192,"href":"https:\/\/dobosmeh.hu\/index.php?rest_route=\/wp\/v2\/pages\/180\/revisions\/192"}],"wp:attachment":[{"href":"https:\/\/dobosmeh.hu\/index.php?rest_route=%2Fwp%2Fv2%2Fmedia&parent=180"}],"curies":[{"name":"wp","href":"https:\/\/api.w.org\/{rel}","templated":true}]}}