{"id":21,"date":"2014-10-01T08:34:02","date_gmt":"2014-10-01T08:34:02","guid":{"rendered":"http:\/\/dobosmeh.hu\/?page_id=21"},"modified":"2015-02-26T11:13:14","modified_gmt":"2015-02-26T11:13:14","slug":"palyazatok","status":"publish","type":"page","link":"https:\/\/dobosmeh.hu\/?page_id=21","title":{"rendered":"\u00c9AOP-1.1.1\/D-12-2012-0006."},"content":{"rendered":"<p style=\"text-align: center;\"><a href=\"http:\/\/dobosmeh.hu\/wp-content\/uploads\/2014\/10\/uszt_logo_transparent.png\"><img decoding=\"async\" loading=\"lazy\" class=\"wp-image-23 size-medium\" src=\"http:\/\/dobosmeh.hu\/wp-content\/uploads\/2014\/10\/uszt_logo_transparent-300x93.png\" alt=\"uszt_logo_transparent\" width=\"300\" height=\"93\" srcset=\"https:\/\/dobosmeh.hu\/wp-content\/uploads\/2014\/10\/uszt_logo_transparent-300x93.png 300w, https:\/\/dobosmeh.hu\/wp-content\/uploads\/2014\/10\/uszt_logo_transparent.png 500w\" sizes=\"(max-width: 300px) 100vw, 300px\" \/><\/a><\/p>\n<p style=\"text-align: center;\"><strong>Az \u00daj Sz\u00e9chenyi Terv keret\u00e9ben elnyert t\u00e1mogat\u00e1ssal val\u00f3sul meg<\/strong><br \/>\n<strong> Dobos L\u00e1szl\u00f3 egy\u00e9ni v\u00e1llalkoz\u00f3 telephelyfejleszt\u00e9se<\/strong><\/p>\n<p><strong>\u00a0<\/strong><\/p>\n<p style=\"text-align: justify;\">A v\u00e1llalkoz\u00e1s az \u00daj Sz\u00e9chenyi Terv keret\u00e9ben az \u00c9AOP-1.1.1\/D-12-2012-0006. sz\u00e1m\u00fa \u201eA tov\u00e1bbi fejl\u0151d\u00e9s lehet\u0151s\u00e9geinek biztos\u00edt\u00e1sa a M\u00e9h telepen\u201d elnevez\u00e9s\u0171 projekt keret\u00e9ben 54,793235 % t\u00e1mogat\u00e1s intenzit\u00e1ssal 100.000.000,- Ft vissza nem t\u00e9r\u00edtend\u0151 t\u00e1mogat\u00e1st nyert.<\/p>\n<p style=\"text-align: justify;\">A t\u00e1mogat\u00e1s \u00f6sszege a 4700 M\u00e1t\u00e9szalka, Ipari \u00fat 8. sz\u00e1m alatti telephely fejleszt\u00e9s\u00e9re ker\u00fcl felhaszn\u00e1l\u00e1sra. A beruh\u00e1z\u00e1s seg\u00edts\u00e9g\u00e9vel fel\u00e9p\u00fcl egy 2.142 m<sup>2<\/sup> alapter\u00fclet\u0171 hullad\u00e9kv\u00e1logat\u00f3 csarnok, illetve egy meg\u00e9p\u00fcl egy k\u00f6zel 387 m\u00e9ter hossz\u00fas\u00e1g\u00fa hangg\u00e1tl\u00f3-\u00e9s hangelnyel\u0151 fal.<\/p>\n<p style=\"text-align: justify;\">A beruh\u00e1z\u00e1s megval\u00f3sul\u00e1s\u00e1val a tov\u00e1bbi fejl\u0151d\u00e9s lehet\u0151s\u00e9ge ny\u00edlik meg a Dobos M\u00c9H telep sz\u00e1m\u00e1ra.<\/p>\n<p><a href=\"http:\/\/dobosmeh.hu\/wp-content\/uploads\/2014\/10\/magyarorszag-megujul.jpg\"><img decoding=\"async\" loading=\"lazy\" class=\"size-medium wp-image-30 alignright\" src=\"http:\/\/dobosmeh.hu\/wp-content\/uploads\/2014\/10\/magyarorszag-megujul-300x124.jpg\" alt=\"magyarorszag megujul\" width=\"300\" height=\"124\" srcset=\"https:\/\/dobosmeh.hu\/wp-content\/uploads\/2014\/10\/magyarorszag-megujul-300x124.jpg 300w, https:\/\/dobosmeh.hu\/wp-content\/uploads\/2014\/10\/magyarorszag-megujul.jpg 709w\" sizes=\"(max-width: 300px) 100vw, 300px\" \/><\/a><\/p>\n<p>&nbsp;<\/p>\n<p>Nemzeti Fejleszt\u00e9si \u00dcgyn\u00f6ks\u00e9g<br \/>\n<a href=\"http:\/\/www.ujszechenyiterv.gov.hu\">www.ujszechenyiterv.gov.hu<\/a><\/p>\n","protected":false},"excerpt":{"rendered":"<p>Az \u00daj Sz\u00e9chenyi Terv keret\u00e9ben elnyert t\u00e1mogat\u00e1ssal val\u00f3sul meg Dobos L\u00e1szl\u00f3 egy\u00e9ni v\u00e1llalkoz\u00f3 telephelyfejleszt\u00e9se \u00a0 A v\u00e1llalkoz\u00e1s az \u00daj Sz\u00e9chenyi Terv keret\u00e9ben az \u00c9AOP-1.1.1\/D-12-2012-0006. sz\u00e1m\u00fa \u201eA tov\u00e1bbi fejl\u0151d\u00e9s lehet\u0151s\u00e9geinek biztos\u00edt\u00e1sa a M\u00e9h telepen\u201d elnevez\u00e9s\u0171 projekt keret\u00e9ben 54,793235 % t\u00e1mogat\u00e1s intenzit\u00e1ssal 100.000.000,- Ft vissza nem t\u00e9r\u00edtend\u0151 t\u00e1mogat\u00e1st nyert. A t\u00e1mogat\u00e1s \u00f6sszege a 4700 M\u00e1t\u00e9szalka, Ipari \u00fat &#8230; <a class=\"more-link\" href=\"https:\/\/dobosmeh.hu\/?page_id=21\">[Read more&#8230;]<\/a><\/p>\n","protected":false},"author":1,"featured_media":0,"parent":0,"menu_order":0,"comment_status":"closed","ping_status":"open","template":"fullwidth-page.php","meta":[],"_links":{"self":[{"href":"https:\/\/dobosmeh.hu\/index.php?rest_route=\/wp\/v2\/pages\/21"}],"collection":[{"href":"https:\/\/dobosmeh.hu\/index.php?rest_route=\/wp\/v2\/pages"}],"about":[{"href":"https:\/\/dobosmeh.hu\/index.php?rest_route=\/wp\/v2\/types\/page"}],"author":[{"embeddable":true,"href":"https:\/\/dobosmeh.hu\/index.php?rest_route=\/wp\/v2\/users\/1"}],"replies":[{"embeddable":true,"href":"https:\/\/dobosmeh.hu\/index.php?rest_route=%2Fwp%2Fv2%2Fcomments&post=21"}],"version-history":[{"count":18,"href":"https:\/\/dobosmeh.hu\/index.php?rest_route=\/wp\/v2\/pages\/21\/revisions"}],"predecessor-version":[{"id":58,"href":"https:\/\/dobosmeh.hu\/index.php?rest_route=\/wp\/v2\/pages\/21\/revisions\/58"}],"wp:attachment":[{"href":"https:\/\/dobosmeh.hu\/index.php?rest_route=%2Fwp%2Fv2%2Fmedia&parent=21"}],"curies":[{"name":"wp","href":"https:\/\/api.w.org\/{rel}","templated":true}]}}