{"id":220,"date":"2021-05-28T09:56:10","date_gmt":"2021-05-28T09:56:10","guid":{"rendered":"http:\/\/dobosmeh.hu\/?page_id=220"},"modified":"2021-05-28T09:58:54","modified_gmt":"2021-05-28T09:58:54","slug":"ginop-4-1-4-19-2020-01945","status":"publish","type":"page","link":"https:\/\/dobosmeh.hu\/?page_id=220","title":{"rendered":"GINOP-4.1.4-19-2020-01945"},"content":{"rendered":"<p style=\"text-align: right;\"><a href=\"http:\/\/dobosmeh.hu\/wp-content\/uploads\/2015\/02\/sz\u00e9chenyi20201.jpg\"><img decoding=\"async\" loading=\"lazy\" class=\"alignnone size-full wp-image-188\" src=\"http:\/\/dobosmeh.hu\/wp-content\/uploads\/2015\/02\/sz\u00e9chenyi20201.jpg\" alt=\"sz\u00e9chenyi2020\" width=\"311\" height=\"235\" srcset=\"https:\/\/dobosmeh.hu\/wp-content\/uploads\/2015\/02\/sz\u00e9chenyi20201.jpg 311w, https:\/\/dobosmeh.hu\/wp-content\/uploads\/2015\/02\/sz\u00e9chenyi20201-300x226.jpg 300w\" sizes=\"(max-width: 311px) 100vw, 311px\" \/><\/a><\/p>\n<p style=\"text-align: center;\">\u00a0<strong>A SZ\u00c9CHENYI 2020 PROGRAM KERET\u00c9BEN ELNYERT T\u00c1MOGAT\u00c1SSAL VAL\u00d3SULT MEG<br \/>\n<\/strong><strong>DOBOS L\u00c1SZL\u00d3 EGY\u00c9NI V\u00c1LLAKOZ\u00d3 TELEPHELYFEJLESZT\u00c9SE<\/strong><\/p>\n<p><strong>A Gazdas\u00e1gfejleszt\u00e9si \u00e9s Innov\u00e1ci\u00f3s Operat\u00edv Program keret\u00e9n bel\u00fcl a P\u00e9nz\u00fcgyminiszt\u00e9rium, mint T\u00e1mogat\u00f3 \u00e1ltal 2019.10.01-j\u00e9n meghirdetett Meg\u00fajul\u00f3 energia haszn\u00e1lat\u00e1t, energiahat\u00e9konys\u00e1g n\u00f6vel\u00e9s\u00e9t c\u00e9lz\u00f3 \u00e9p\u00fcletenergetikai fejleszt\u00e9sek t\u00e1mogat\u00e1sa c\u00edm\u0171 felh\u00edv\u00e1sa alapj\u00e1n Dobos L\u00e1szl\u00f3 egy\u00e9ni v\u00e1llalkoz\u00f3 t\u00e1mogat\u00e1si k\u00e9relmet ny\u00fajtott be. A \u201eNapelemes rendszer ki\u00e9p\u00edt\u00e9se a M\u00e1t\u00e9szalka J\u00e1rmi \u00fat 24. sz\u00e1m alatti telephelyen\u201d c\u00edm\u0171 GINOP-4.1.4-19-2020-01945 k\u00f3dsz\u00e1m\u00fa t\u00e1mogat\u00e1si k\u00e9relmet 5,18 milli\u00f3 forint t\u00e1mogat\u00e1sra alkalmasnak min\u0151s\u00edtett\u00e9k. <\/strong><\/p>\n<p>A 5,18 milli\u00f3 forint eur\u00f3pai uni\u00f3s t\u00e1mogat\u00e1s seg\u00edts\u00e9g\u00e9vel, a projekt megval\u00f3s\u00edt\u00e1s eredm\u00e9nyek\u00e9nt v\u00e1llaljuk a meg\u00fajul\u00f3 energiaforr\u00e1sb\u00f3l el\u0151\u00e1ll\u00edtott energiamennyis\u00e9g 197,52 GJ\/\u00e9v c\u00e9l\u00e9rt\u00e9k el\u00e9r\u00e9s\u00e9t. Cs\u00f6kkentj\u00fck a v\u00e1llalkoz\u00e1s \u00e9p\u00fcleteinek \u00e9ves els\u0151dleges energiafogyaszt\u00e1s\u00e1t. Cs\u00f6kkentj\u00fck az \u00fcvegh\u00e1zhat\u00e1s\u00fa g\u00e1zok kibocs\u00e1t\u00e1s\u00e1t, illetve az energiahat\u00e9konys\u00e1gi fejleszt\u00e9sek \u00e1ltal el\u00e9rt els\u0151dleges energia felhaszn\u00e1l\u00e1s\u00e1t.<\/p>\n<p>\u201eA projekt a Sz\u00e9chenyi 2020 program keret\u00e9ben val\u00f3sult meg.\u201d<\/p>\n<p><strong>A projekt kezdete:<\/strong>\u00a02020.06.01.<br \/>\n<strong>A projekt tervezett v\u00e9ge:<\/strong>\u00a02020.12.31.<br \/>\n<strong>A projekt megval\u00f3s\u00edt\u00e1si helysz\u00edne:<\/strong>\u00a04700 M\u00e1t\u00e9szalka, J\u00e1rmi \u00fat 24. 1225 hrsz.<br \/>\n<strong>T\u00e1mogat\u00e1si konstrukci\u00f3 keret\u00e9ben ig\u00e9nyelt t\u00e1mogat\u00e1s:<\/strong>\u00a05.184.987 Ft<br \/>\n<strong>T\u00e1mogat\u00e1s m\u00e9rt\u00e9ke:<\/strong>\u00a055 %<br \/>\n<strong>\u00d6sszk\u00f6lts\u00e9<\/strong>g: 9.427.250 Ft<\/p>\n<p><strong>Tov\u00e1bbi inform\u00e1ci\u00f3 k\u00e9rhet\u0151:<br \/>\n<\/strong>dobosmeh01@gmail.com<\/p>\n","protected":false},"excerpt":{"rendered":"<p>\u00a0A SZ\u00c9CHENYI 2020 PROGRAM KERET\u00c9BEN ELNYERT T\u00c1MOGAT\u00c1SSAL VAL\u00d3SULT MEG DOBOS L\u00c1SZL\u00d3 EGY\u00c9NI V\u00c1LLAKOZ\u00d3 TELEPHELYFEJLESZT\u00c9SE A Gazdas\u00e1gfejleszt\u00e9si \u00e9s Innov\u00e1ci\u00f3s Operat\u00edv Program keret\u00e9n bel\u00fcl a P\u00e9nz\u00fcgyminiszt\u00e9rium, mint T\u00e1mogat\u00f3 \u00e1ltal 2019.10.01-j\u00e9n meghirdetett Meg\u00fajul\u00f3 energia haszn\u00e1lat\u00e1t, energiahat\u00e9konys\u00e1g n\u00f6vel\u00e9s\u00e9t c\u00e9lz\u00f3 \u00e9p\u00fcletenergetikai fejleszt\u00e9sek t\u00e1mogat\u00e1sa c\u00edm\u0171 felh\u00edv\u00e1sa alapj\u00e1n Dobos L\u00e1szl\u00f3 egy\u00e9ni v\u00e1llalkoz\u00f3 t\u00e1mogat\u00e1si k\u00e9relmet ny\u00fajtott be. A \u201eNapelemes rendszer ki\u00e9p\u00edt\u00e9se a M\u00e1t\u00e9szalka &#8230; <a class=\"more-link\" href=\"https:\/\/dobosmeh.hu\/?page_id=220\">[Read more&#8230;]<\/a><\/p>\n","protected":false},"author":1,"featured_media":0,"parent":0,"menu_order":0,"comment_status":"open","ping_status":"open","template":"","meta":[],"_links":{"self":[{"href":"https:\/\/dobosmeh.hu\/index.php?rest_route=\/wp\/v2\/pages\/220"}],"collection":[{"href":"https:\/\/dobosmeh.hu\/index.php?rest_route=\/wp\/v2\/pages"}],"about":[{"href":"https:\/\/dobosmeh.hu\/index.php?rest_route=\/wp\/v2\/types\/page"}],"author":[{"embeddable":true,"href":"https:\/\/dobosmeh.hu\/index.php?rest_route=\/wp\/v2\/users\/1"}],"replies":[{"embeddable":true,"href":"https:\/\/dobosmeh.hu\/index.php?rest_route=%2Fwp%2Fv2%2Fcomments&post=220"}],"version-history":[{"count":4,"href":"https:\/\/dobosmeh.hu\/index.php?rest_route=\/wp\/v2\/pages\/220\/revisions"}],"predecessor-version":[{"id":227,"href":"https:\/\/dobosmeh.hu\/index.php?rest_route=\/wp\/v2\/pages\/220\/revisions\/227"}],"wp:attachment":[{"href":"https:\/\/dobosmeh.hu\/index.php?rest_route=%2Fwp%2Fv2%2Fmedia&parent=220"}],"curies":[{"name":"wp","href":"https:\/\/api.w.org\/{rel}","templated":true}]}}