{"id":4,"date":"2014-10-01T08:23:04","date_gmt":"2014-10-01T08:23:04","guid":{"rendered":"http:\/\/dobosmeh.hu\/?page_id=4"},"modified":"2015-02-18T11:42:35","modified_gmt":"2015-02-18T11:42:35","slug":"bemutatkozas","status":"publish","type":"page","link":"https:\/\/dobosmeh.hu\/","title":{"rendered":"Bemutatkoz\u00e1s"},"content":{"rendered":"<p style=\"text-align: justify;\">C\u00e9g\u00fcnk 1997-ben kezdte meg m\u0171k\u00f6d\u00e9s\u00e9t, f\u0151 tev\u00e9kenys\u00e9gi k\u00f6r\u00fcnk a hullad\u00e9k-kereskedelem, ezen bel\u00fcl els\u0151sorban a termel\u0151, feldolgoz\u00f3 \u00e9s kereskedelmi c\u00e9gekn\u00e9l, illetve a lakoss\u00e1gn\u00e1l keletkez\u0151 hullad\u00e9kok begy\u0171jt\u00e9se, feldolgoz\u00e1sa \u00e9s kereskedelme, hasznos\u00edt\u00e1sa.<\/p>\n<p style=\"text-align: justify;\">Hullad\u00e9kkezel\u0151 telephely\u00fcnk 6 ha alapter\u00fclet\u0171, 4700 M\u00e1t\u00e9szalka, Ipari \u00fat 8. sz\u00e1m alatt tal\u00e1lhat\u00f3, ahol az anyagok \u00e9s a hullad\u00e9kok t\u00e1rol\u00e1sa, v\u00e1logat\u00e1sa, darabol\u00e1sa, b\u00e1l\u00e1z\u00e1sa, hasznos\u00edt\u00e1sa \u00e9s kisz\u00e1ll\u00edt\u00e1sra t\u00f6rt\u00e9n\u0151 el\u0151k\u00e9sz\u00edt\u00e9se t\u00f6rt\u00e9nik.<\/p>\n<p style=\"text-align: justify;\">Telephely\u00fcnk rendelkezik iparv\u00e1g\u00e1nnyal, amely 35-40 vagon egyidej\u0171 rakod\u00e1s\u00e1ra alkalmas.<\/p>\n<p><a href=\"http:\/\/dobosmeh.hu\/wp-content\/uploads\/2014\/10\/vagany.jpg\"><img decoding=\"async\" loading=\"lazy\" class=\"size-medium wp-image-5 aligncenter\" src=\"http:\/\/dobosmeh.hu\/wp-content\/uploads\/2014\/10\/vagany-300x225.jpg\" alt=\"vagany\" width=\"300\" height=\"225\" srcset=\"https:\/\/dobosmeh.hu\/wp-content\/uploads\/2014\/10\/vagany-300x225.jpg 300w, https:\/\/dobosmeh.hu\/wp-content\/uploads\/2014\/10\/vagany.jpg 1024w\" sizes=\"(max-width: 300px) 100vw, 300px\" \/><\/a><\/p>\n<p style=\"text-align: justify;\">Korszer\u0171 sz\u00e1ll\u00edt\u00f3- \u00e9s rakod\u00f3eszk\u00f6zeink seg\u00edts\u00e9g\u00e9vel \u00e9vi mintegy 70 000 tonna ac\u00e9lhullad\u00e9k koh\u00e1szati el\u0151k\u00e9sz\u00edt\u00e9s\u00e9t, ezen fel\u00fcl mintegy 10 000 tonna egy\u00e9b hullad\u00e9k kereskedelmi tev\u00e9kenys\u00e9g\u00e9t v\u00e9gezz\u00fck.<\/p>\n<p style=\"text-align: justify;\">A begy\u0171jt\u00e9sre ker\u00fcl\u0151 hullad\u00e9k 3 megy\u00e9b\u0151l, mintegy 50 partner\u00fcnkt\u0151l ker\u00fcl besz\u00e1ll\u00edt\u00e1sra.<\/p>\n<p style=\"text-align: justify;\">Partnereink telephelyein k\u00fcl\u00f6nb\u00f6z\u0151 m\u00e9ret\u0171 (1-32 m3) gy\u0171jt\u0151kont\u00e9nerek telep\u00edt\u00e9s\u00e9vel seg\u00edtj\u00fck a korszer\u0171 hullad\u00e9kkezel\u00e9s megval\u00f3s\u00edt\u00e1s\u00e1t.<\/p>\n<p><a href=\"http:\/\/dobosmeh.hu\/wp-content\/uploads\/2014\/10\/gep2.jpg\">\u00a0\u00a0\u00a0\u00a0\u00a0\u00a0\u00a0 <img decoding=\"async\" loading=\"lazy\" class=\"alignnone wp-image-7\" src=\"http:\/\/dobosmeh.hu\/wp-content\/uploads\/2014\/10\/gep2-300x225.jpg\" alt=\"gep2\" width=\"200\" height=\"150\" srcset=\"https:\/\/dobosmeh.hu\/wp-content\/uploads\/2014\/10\/gep2-300x225.jpg 300w, https:\/\/dobosmeh.hu\/wp-content\/uploads\/2014\/10\/gep2.jpg 1024w\" sizes=\"(max-width: 200px) 100vw, 200px\" \/><\/a><a href=\"http:\/\/dobosmeh.hu\/wp-content\/uploads\/2014\/10\/gep1.jpg\"><img decoding=\"async\" loading=\"lazy\" class=\"wp-image-6 alignleft\" src=\"http:\/\/dobosmeh.hu\/wp-content\/uploads\/2014\/10\/gep1-300x225.jpg\" alt=\"gep1\" width=\"200\" height=\"150\" srcset=\"https:\/\/dobosmeh.hu\/wp-content\/uploads\/2014\/10\/gep1-300x225.jpg 300w, https:\/\/dobosmeh.hu\/wp-content\/uploads\/2014\/10\/gep1.jpg 1024w\" sizes=\"(max-width: 200px) 100vw, 200px\" \/><\/a><\/p>\n","protected":false},"excerpt":{"rendered":"<p>C\u00e9g\u00fcnk 1997-ben kezdte meg m\u0171k\u00f6d\u00e9s\u00e9t, f\u0151 tev\u00e9kenys\u00e9gi k\u00f6r\u00fcnk a hullad\u00e9k-kereskedelem, ezen bel\u00fcl els\u0151sorban a termel\u0151, feldolgoz\u00f3 \u00e9s kereskedelmi c\u00e9gekn\u00e9l, illetve a lakoss\u00e1gn\u00e1l keletkez\u0151 hullad\u00e9kok begy\u0171jt\u00e9se, feldolgoz\u00e1sa \u00e9s kereskedelme, hasznos\u00edt\u00e1sa. Hullad\u00e9kkezel\u0151 telephely\u00fcnk 6 ha alapter\u00fclet\u0171, 4700 M\u00e1t\u00e9szalka, Ipari \u00fat 8. sz\u00e1m alatt tal\u00e1lhat\u00f3, ahol az anyagok \u00e9s a hullad\u00e9kok t\u00e1rol\u00e1sa, v\u00e1logat\u00e1sa, darabol\u00e1sa, b\u00e1l\u00e1z\u00e1sa, hasznos\u00edt\u00e1sa \u00e9s kisz\u00e1ll\u00edt\u00e1sra &#8230; <a class=\"more-link\" href=\"https:\/\/dobosmeh.hu\/\">[Read more&#8230;]<\/a><\/p>\n","protected":false},"author":1,"featured_media":0,"parent":0,"menu_order":0,"comment_status":"closed","ping_status":"open","template":"","meta":[],"_links":{"self":[{"href":"https:\/\/dobosmeh.hu\/index.php?rest_route=\/wp\/v2\/pages\/4"}],"collection":[{"href":"https:\/\/dobosmeh.hu\/index.php?rest_route=\/wp\/v2\/pages"}],"about":[{"href":"https:\/\/dobosmeh.hu\/index.php?rest_route=\/wp\/v2\/types\/page"}],"author":[{"embeddable":true,"href":"https:\/\/dobosmeh.hu\/index.php?rest_route=\/wp\/v2\/users\/1"}],"replies":[{"embeddable":true,"href":"https:\/\/dobosmeh.hu\/index.php?rest_route=%2Fwp%2Fv2%2Fcomments&post=4"}],"version-history":[{"count":14,"href":"https:\/\/dobosmeh.hu\/index.php?rest_route=\/wp\/v2\/pages\/4\/revisions"}],"predecessor-version":[{"id":178,"href":"https:\/\/dobosmeh.hu\/index.php?rest_route=\/wp\/v2\/pages\/4\/revisions\/178"}],"wp:attachment":[{"href":"https:\/\/dobosmeh.hu\/index.php?rest_route=%2Fwp%2Fv2%2Fmedia&parent=4"}],"curies":[{"name":"wp","href":"https:\/\/api.w.org\/{rel}","templated":true}]}}